{"id":3594,"date":"2025-11-27T13:01:01","date_gmt":"2025-11-27T13:01:01","guid":{"rendered":"https:\/\/bautec.store\/?page_id=3594"},"modified":"2026-02-12T12:32:06","modified_gmt":"2026-02-12T10:32:06","slug":"obrabotka-personalnyh-dannyh","status":"publish","type":"page","link":"https:\/\/bautec.store\/ro\/obrabotka-personalnyh-dannyh\/","title":{"rendered":"Prelucrarea datelor cu caracter personal"},"content":{"rendered":"<div class=\"flex flex-col text-sm pb-25\">\r\n<article class=\"text-token-text-primary w-full focus:outline-none [--shadow-height:45px] has-data-writing-block:pointer-events-none has-data-writing-block:-mt-(--shadow-height) has-data-writing-block:pt-(--shadow-height) [&amp;:has([data-writing-block])&gt;*]:pointer-events-auto [content-visibility:auto] supports-[content-visibility:auto]:[contain-intrinsic-size:auto_100lvh] scroll-mt-[calc(var(--header-height)+min(200px,max(70px,20svh)))]\" dir=\"auto\" tabindex=\"-1\" data-turn-id=\"b19a9463-4112-4f37-b783-5858d69967f0\" data-testid=\"conversation-turn-2\" data-scroll-anchor=\"true\" data-turn=\"assistant\">\r\n<div class=\"text-base my-auto mx-auto pb-10 [--thread-content-margin:--spacing(4)] @w-sm\/main:[--thread-content-margin:--spacing(6)] @w-lg\/main:[--thread-content-margin:--spacing(16)] px-(--thread-content-margin)\">\r\n<div class=\"[--thread-content-max-width:40rem] @w-lg\/main:[--thread-content-max-width:48rem] mx-auto max-w-(--thread-content-max-width) flex-1 group\/turn-messages focus-visible:outline-hidden relative flex w-full min-w-0 flex-col agent-turn\" tabindex=\"-1\">\r\n<div class=\"flex max-w-full flex-col grow\">\r\n<div class=\"min-h-8 text-message relative flex w-full flex-col items-end gap-2 text-start break-words whitespace-normal [.text-message+&amp;]:mt-1\" dir=\"auto\" data-message-author-role=\"assistant\" data-message-id=\"bcccab36-f112-4b19-b690-15730ed75fcf\" data-message-model-slug=\"gpt-5-2\">\r\n<div class=\"flex w-full flex-col gap-1 empty:hidden first:pt-[1px]\">\r\n<div class=\"markdown prose dark:prose-invert w-full wrap-break-word dark markdown-new-styling\">\r\n<p data-start=\"47\" data-end=\"290\">V\u0103 aducem la cuno\u0219tin\u021b\u0103 c\u0103, \u00een scopul execut\u0103rii comenzii dumneavoastr\u0103, clarific\u0103rii adresei de livrare sau al eventualelor modific\u0103ri ale comenzii, <strong data-start=\"197\" data-end=\"226\">S.R.L. DRIVE INVEST GROUP<\/strong> va prelucra urm\u0103toarele categorii de date cu caracter personal:<\/p>\r\n<ul data-start=\"292\" data-end=\"354\">\r\n<li data-start=\"292\" data-end=\"310\">\r\n<p data-start=\"294\" data-end=\"310\">nume, prenume;<\/p>\r\n<\/li>\r\n<li data-start=\"311\" data-end=\"332\">\r\n<p data-start=\"313\" data-end=\"332\">num\u0103r de telefon;<\/p>\r\n<\/li>\r\n<li data-start=\"333\" data-end=\"354\">\r\n<p data-start=\"335\" data-end=\"354\">adres\u0103 de e-mail.<\/p>\r\n<\/li>\r\n<\/ul>\r\n<p data-start=\"356\" data-end=\"618\">\u00cen cazul \u00een care va fi necesar\u0103 efectuarea unui retur de produs sau rambursarea banilor, \u00een conformitate cu legisla\u021bia \u00een vigoare, pe l\u00e2ng\u0103 datele men\u021bionate mai sus, vom fi nevoi\u021bi s\u0103 solicit\u0103m datele dumneavoastr\u0103 de identificare conform actului de identitate.<\/p>\r\n<p data-start=\"620\" data-end=\"925\">Datele furnizate de dumneavoastr\u0103 vor fi introduse \u00een baza de date bautec.store \u0219i utilizate pentru crearea unui cont personal, \u00een scopul execut\u0103rii comenzii. Datele dumneavoastr\u0103 vor fi p\u0103strate p\u00e2n\u0103 \u00een momentul \u00een care contul va fi \u0219ters de c\u0103tre dumneavoastr\u0103 sau de c\u0103tre administratorul sistemului.<\/p>\r\n<p data-start=\"927\" data-end=\"1058\">\u00cen orice moment, pute\u021bi modifica datele personale prin actualizarea contului sau pute\u021bi solicita \u0219tergerea definitiv\u0103 a acestora.<\/p>\r\n<p data-start=\"1060\" data-end=\"1258\">Datele dumneavoastr\u0103 sunt confiden\u021biale \u0219i vor fi transmise curierului pentru executarea comenzii, precum \u0219i autorit\u0103\u021bilor publice ale Republicii Moldova, \u00een conformitate cu legisla\u021bia aplicabil\u0103.<\/p>\r\n<p data-start=\"1260\" data-end=\"1407\">Pute\u021bi transmite solicit\u0103rile referitoare la datele dumneavoastr\u0103 cu caracter personal operatorului nostru la num\u0103rul de telefon +373 620 87 777.<\/p>\r\n<p data-start=\"1409\" data-end=\"1586\">\u00cen orice moment, pute\u021bi retrage consim\u021b\u0103m\u00e2ntul privind prelucrarea datelor personale, trimi\u021b\u00e2ndu-ne un mesaj de pe adresa de e-mail sau num\u0103rul de telefon \u00eenregistrat \u00een cont.<\/p>\r\n<p data-start=\"1588\" data-end=\"1736\">Prin utilizarea site-ului <a class=\"decorated-link\" href=\"http:\/\/www.bautec.store\" target=\"_new\" rel=\"noopener\" data-start=\"1614\" data-end=\"1630\">www.bautec.store<\/a>, v\u0103 exprima\u021bi acordul pentru prelucrarea datelor dumneavoastr\u0103 cu caracter personal men\u021bionate mai sus.<\/p>\r\n<p data-start=\"1738\" data-end=\"1870\">Securitatea datelor cu caracter personal este asigurat\u0103 \u00een conformitate cu prevederile Hot\u0103r\u00e2rii Guvernului nr. 1123 din 14.12.2010.<\/p>\r\n<hr data-start=\"1872\" data-end=\"1875\" \/>\r\n<h3 data-start=\"1877\" data-end=\"1922\">Politica de utilizare a fi\u0219ierelor cookie<\/h3>\r\n<p data-start=\"1924\" data-end=\"2118\">Atunci c\u00e2nd naviga\u021bi pe site-ul <a class=\"decorated-link\" href=\"http:\/\/www.bautec.store\" target=\"_new\" rel=\"noopener\" data-start=\"1956\" data-end=\"1972\">www.bautec.store<\/a>, sunt utilizate eticheta de remarketing \u0219i codul de conversie furnizate de Google AdWords, prin intermediul c\u0103rora sunt colectate fi\u0219iere cookie.<\/p>\r\n<p data-start=\"2120\" data-end=\"2398\">Un fi\u0219ier cookie este un fi\u0219ier de mici dimensiuni, format din litere \u0219i cifre, care este stocat pe computerul, dispozitivul mobil sau alt echipament al utilizatorului care acceseaz\u0103 internetul. Fi\u0219ierele cookie permit site-ului s\u0103 ofere utilizatorului informa\u021bii personalizate.<\/p>\r\n<p data-start=\"2400\" data-end=\"2545\">Cookie-urile faciliteaz\u0103 navigarea \u0219i sprijin\u0103 eforturile bautec.store de a furniza publicitate relevant\u0103, bazat\u0103 pe preferin\u021bele utilizatorilor.<\/p>\r\n<p data-start=\"2547\" data-end=\"2857\">Eticheta de remarketing Google colecteaz\u0103 fi\u0219iere cookie pentru a afi\u0219a reclame pe site-urile din Re\u021beaua de Display Google \u0219i \u00een c\u0103ut\u0103rile Google. Atunci c\u00e2nd utilizatorii viziteaz\u0103 o pagin\u0103 a site-ului care con\u021bine eticheta de remarketing, fi\u0219ierul cookie al browserului este ad\u0103ugat la lista de remarketing.<\/p>\r\n<p data-start=\"2859\" data-end=\"2968\">Lista de remarketing reprezint\u0103 un set de fi\u0219iere cookie create de una sau mai multe etichete de remarketing.<\/p>\r\n<p data-start=\"2970\" data-end=\"3179\">Google AdWords utilizeaz\u0103 aceste fi\u0219iere cookie pentru a afi\u0219a reclame \u00een Re\u021beaua de Display Google \u0219i \u00een C\u0103utarea Google utilizatorilor care au vizitat paginile <a class=\"decorated-link\" href=\"http:\/\/www.bautec.store\" target=\"_new\" rel=\"noopener\" data-start=\"3132\" data-end=\"3148\">www.bautec.store<\/a>, <a class=\"decorated-link\" href=\"http:\/\/www.bautec.md\" target=\"_new\" rel=\"noopener\" data-start=\"3150\" data-end=\"3163\">www.bautec.md<\/a>, <a class=\"decorated-link\" href=\"http:\/\/www.bautec.ro\" target=\"_new\" rel=\"noopener\" data-start=\"3165\" data-end=\"3178\">www.bautec.ro<\/a>.<\/p>\r\n<p data-start=\"3181\" data-end=\"3412\" data-is-last-node=\"\" data-is-only-node=\"\">Dac\u0103, \u00een calitate de vizitator al acestor site-uri, nu sunte\u021bi de acord cu utilizarea fi\u0219ierelor cookie de c\u0103tre Google, pute\u021bi dezactiva publicitatea personalizat\u0103 prin intermediul Managerului preferin\u021belor pentru anun\u021buri Google.<\/p>\r\n<\/div>\r\n<\/div>\r\n<\/div>\r\n<\/div>\r\n<\/div>\r\n<\/div>\r\n<\/article>\r\n<\/div>\r\n\r\n<p><strong><a href=\"https:\/\/bautec.store\/uslovija-oplaty-dostavki-zakaza-vozvr\/\">\u0423\u0441\u043b\u043e\u0432\u0438\u044f \u043e\u043f\u043b\u0430\u0442\u044b | \u0414\u043e\u0441\u0442\u0430\u0432\u043a\u0438 \u0437\u0430\u043a\u0430\u0437\u0430 | \u0412\u043e\u0437\u0432\u0440\u0430\u0442<br \/><\/a><\/strong><\/p>\r\n\r\n<p>&nbsp;<\/p>\r\n\r\n<p>&nbsp;<\/p>","protected":false},"excerpt":{"rendered":"","protected":false},"author":2,"featured_media":0,"parent":0,"menu_order":0,"comment_status":"closed","ping_status":"closed","template":"","meta":{"_gspb_post_css":"","_themeisle_gutenberg_block_has_review":false,"footnotes":""},"class_list":["post-3594","page","type-page","status-publish","hentry"],"blocksy_meta":[],"yoast_head":"<!-- This site is optimized with the Yoast SEO plugin v27.5 - https:\/\/yoast.com\/product\/yoast-seo-wordpress\/ -->\n<title>Prelucrarea datelor cu caracter personal - Bautec.Store<\/title>\n<meta name=\"robots\" content=\"index, follow, max-snippet:-1, max-image-preview:large, max-video-preview:-1\" \/>\n<link rel=\"canonical\" href=\"https:\/\/bautec.store\/obrabotka-personalnyh-dannyh\/\" \/>\n<meta property=\"og:locale\" content=\"ro_RO\" \/>\n<meta property=\"og:type\" content=\"article\" \/>\n<meta property=\"og:title\" content=\"[:ru]\u041e\u0431\u0440\u0430\u0431\u043e\u0442\u043a\u0430 \u043f\u0435\u0440\u0441\u043e\u043d\u0430\u043b\u044c\u043d\u044b\u0445 \u0434\u0430\u043d\u043d\u044b\u0445[:ro]Prelucrarea datelor cu caracter personal[:en]Processing of personal data[:] - Bautec.Store\" \/>\n<meta property=\"og:url\" content=\"https:\/\/bautec.store\/obrabotka-personalnyh-dannyh\/\" \/>\n<meta property=\"og:site_name\" content=\"Bautec.Store\" \/>\n<meta property=\"article:publisher\" content=\"https:\/\/www.facebook.com\/copiii.curiosi\" \/>\n<meta property=\"article:modified_time\" content=\"2026-02-12T10:32:06+00:00\" \/>\n<meta name=\"twitter:card\" content=\"summary_large_image\" \/>\n<meta name=\"twitter:label1\" content=\"Timp estimat pentru citire\" \/>\n\t<meta name=\"twitter:data1\" content=\"3 minute\" \/>\n<script type=\"application\/ld+json\" class=\"yoast-schema-graph\">{\"@context\":\"https:\\\/\\\/schema.org\",\"@graph\":[{\"@type\":\"WebPage\",\"@id\":\"https:\\\/\\\/bautec.store\\\/obrabotka-personalnyh-dannyh\\\/\",\"url\":\"https:\\\/\\\/bautec.store\\\/obrabotka-personalnyh-dannyh\\\/\",\"name\":\"[:ru]\u041e\u0431\u0440\u0430\u0431\u043e\u0442\u043a\u0430 \u043f\u0435\u0440\u0441\u043e\u043d\u0430\u043b\u044c\u043d\u044b\u0445 \u0434\u0430\u043d\u043d\u044b\u0445[:ro]Prelucrarea datelor cu caracter personal[:en]Processing of personal data[:] - Bautec.Store\",\"isPartOf\":{\"@id\":\"https:\\\/\\\/copiiicuriosi.md\\\/#website\"},\"datePublished\":\"2025-11-27T13:01:01+00:00\",\"dateModified\":\"2026-02-12T10:32:06+00:00\",\"breadcrumb\":{\"@id\":\"https:\\\/\\\/bautec.store\\\/obrabotka-personalnyh-dannyh\\\/#breadcrumb\"},\"inLanguage\":\"ro-RO\",\"potentialAction\":[{\"@type\":\"ReadAction\",\"target\":[\"https:\\\/\\\/bautec.store\\\/obrabotka-personalnyh-dannyh\\\/\"]}]},{\"@type\":\"BreadcrumbList\",\"@id\":\"https:\\\/\\\/bautec.store\\\/obrabotka-personalnyh-dannyh\\\/#breadcrumb\",\"itemListElement\":[{\"@type\":\"ListItem\",\"position\":1,\"name\":\"\u0413\u043b\u0430\u0432\u043d\u0430\u044f \u0441\u0442\u0440\u0430\u043d\u0438\u0446\u0430\",\"item\":\"https:\\\/\\\/bautec.store\\\/\"},{\"@type\":\"ListItem\",\"position\":2,\"name\":\"\u041e\u0431\u0440\u0430\u0431\u043e\u0442\u043a\u0430 \u043f\u0435\u0440\u0441\u043e\u043d\u0430\u043b\u044c\u043d\u044b\u0445 \u0434\u0430\u043d\u043d\u044b\u0445\"}]},{\"@type\":\"WebSite\",\"@id\":\"https:\\\/\\\/copiiicuriosi.md\\\/#website\",\"url\":\"https:\\\/\\\/copiiicuriosi.md\\\/\",\"name\":\"Bautec.Store\",\"description\":\"[:ru]\u0418\u043d\u0441\u0442\u0440\u0443\u043c\u0435\u043d\u0442\u044b \u043a\u043e\u0442\u043e\u0440\u044b\u043c \u0434\u043e\u0432\u0435\u0440\u044f\u044e\u0442 \u043f\u0440\u043e\u0444\u0435\u0441\u0441\u0438\u043e\u043d\u0430\u043b\u044b[:ro]Instrumente de \u00eencredere pentru profesioni\u0219ti[:en]Instruments trusted by professionals[:]\",\"publisher\":{\"@id\":\"https:\\\/\\\/copiiicuriosi.md\\\/#organization\"},\"potentialAction\":[{\"@type\":\"SearchAction\",\"target\":{\"@type\":\"EntryPoint\",\"urlTemplate\":\"https:\\\/\\\/copiiicuriosi.md\\\/?s={search_term_string}\"},\"query-input\":{\"@type\":\"PropertyValueSpecification\",\"valueRequired\":true,\"valueName\":\"search_term_string\"}}],\"inLanguage\":\"ro-RO\"},{\"@type\":\"Organization\",\"@id\":\"https:\\\/\\\/copiiicuriosi.md\\\/#organization\",\"name\":\"Bautec.Store\",\"url\":\"https:\\\/\\\/copiiicuriosi.md\\\/\",\"logo\":{\"@type\":\"ImageObject\",\"inLanguage\":\"ro-RO\",\"@id\":\"https:\\\/\\\/copiiicuriosi.md\\\/#\\\/schema\\\/logo\\\/image\\\/\",\"url\":\"https:\\\/\\\/bautec.store\\\/wp-content\\\/uploads\\\/2025\\\/10\\\/logo-1.png\",\"contentUrl\":\"https:\\\/\\\/bautec.store\\\/wp-content\\\/uploads\\\/2025\\\/10\\\/logo-1.png\",\"width\":1280,\"height\":187,\"caption\":\"Bautec.Store\"},\"image\":{\"@id\":\"https:\\\/\\\/copiiicuriosi.md\\\/#\\\/schema\\\/logo\\\/image\\\/\"},\"sameAs\":[\"https:\\\/\\\/www.facebook.com\\\/copiii.curiosi\",\"https:\\\/\\\/www.youtube.com\\\/@CentruEducationalCopiiiCuriosi\",\"https:\\\/\\\/www.instagram.com\\\/copiii.curiosi\"]}]}<\/script>\n<!-- \/ Yoast SEO plugin. -->","yoast_head_json":{"title":"[:ru]\u041e\u0431\u0440\u0430\u0431\u043e\u0442\u043a\u0430 \u043f\u0435\u0440\u0441\u043e\u043d\u0430\u043b\u044c\u043d\u044b\u0445 \u0434\u0430\u043d\u043d\u044b\u0445[:ro]Prelucrarea datelor cu caracter personal[:en]Processing of personal data[:] - Bautec.Store","robots":{"index":"index","follow":"follow","max-snippet":"max-snippet:-1","max-image-preview":"max-image-preview:large","max-video-preview":"max-video-preview:-1"},"canonical":"https:\/\/bautec.store\/obrabotka-personalnyh-dannyh\/","og_locale":"ro_RO","og_type":"article","og_title":"[:ru]\u041e\u0431\u0440\u0430\u0431\u043e\u0442\u043a\u0430 \u043f\u0435\u0440\u0441\u043e\u043d\u0430\u043b\u044c\u043d\u044b\u0445 \u0434\u0430\u043d\u043d\u044b\u0445[:ro]Prelucrarea datelor cu caracter personal[:en]Processing of personal data[:] - Bautec.Store","og_url":"https:\/\/bautec.store\/obrabotka-personalnyh-dannyh\/","og_site_name":"Bautec.Store","article_publisher":"https:\/\/www.facebook.com\/copiii.curiosi","article_modified_time":"2026-02-12T10:32:06+00:00","twitter_card":"summary_large_image","twitter_misc":{"Timp estimat pentru citire":"3 minute"},"schema":{"@context":"https:\/\/schema.org","@graph":[{"@type":"WebPage","@id":"https:\/\/bautec.store\/obrabotka-personalnyh-dannyh\/","url":"https:\/\/bautec.store\/obrabotka-personalnyh-dannyh\/","name":"[:ru]\u041e\u0431\u0440\u0430\u0431\u043e\u0442\u043a\u0430 \u043f\u0435\u0440\u0441\u043e\u043d\u0430\u043b\u044c\u043d\u044b\u0445 \u0434\u0430\u043d\u043d\u044b\u0445[:ro]Prelucrarea datelor cu caracter personal[:en]Processing of personal data[:] - Bautec.Store","isPartOf":{"@id":"https:\/\/copiiicuriosi.md\/#website"},"datePublished":"2025-11-27T13:01:01+00:00","dateModified":"2026-02-12T10:32:06+00:00","breadcrumb":{"@id":"https:\/\/bautec.store\/obrabotka-personalnyh-dannyh\/#breadcrumb"},"inLanguage":"ro-RO","potentialAction":[{"@type":"ReadAction","target":["https:\/\/bautec.store\/obrabotka-personalnyh-dannyh\/"]}]},{"@type":"BreadcrumbList","@id":"https:\/\/bautec.store\/obrabotka-personalnyh-dannyh\/#breadcrumb","itemListElement":[{"@type":"ListItem","position":1,"name":"\u0413\u043b\u0430\u0432\u043d\u0430\u044f \u0441\u0442\u0440\u0430\u043d\u0438\u0446\u0430","item":"https:\/\/bautec.store\/"},{"@type":"ListItem","position":2,"name":"\u041e\u0431\u0440\u0430\u0431\u043e\u0442\u043a\u0430 \u043f\u0435\u0440\u0441\u043e\u043d\u0430\u043b\u044c\u043d\u044b\u0445 \u0434\u0430\u043d\u043d\u044b\u0445"}]},{"@type":"WebSite","@id":"https:\/\/copiiicuriosi.md\/#website","url":"https:\/\/copiiicuriosi.md\/","name":"Bautec.Store","description":"[:ru]\u0418\u043d\u0441\u0442\u0440\u0443\u043c\u0435\u043d\u0442\u044b \u043a\u043e\u0442\u043e\u0440\u044b\u043c \u0434\u043e\u0432\u0435\u0440\u044f\u044e\u0442 \u043f\u0440\u043e\u0444\u0435\u0441\u0441\u0438\u043e\u043d\u0430\u043b\u044b[:ro]Instrumente de \u00eencredere pentru profesioni\u0219ti[:en]Instruments trusted by professionals[:]","publisher":{"@id":"https:\/\/copiiicuriosi.md\/#organization"},"potentialAction":[{"@type":"SearchAction","target":{"@type":"EntryPoint","urlTemplate":"https:\/\/copiiicuriosi.md\/?s={search_term_string}"},"query-input":{"@type":"PropertyValueSpecification","valueRequired":true,"valueName":"search_term_string"}}],"inLanguage":"ro-RO"},{"@type":"Organization","@id":"https:\/\/copiiicuriosi.md\/#organization","name":"Bautec.Store","url":"https:\/\/copiiicuriosi.md\/","logo":{"@type":"ImageObject","inLanguage":"ro-RO","@id":"https:\/\/copiiicuriosi.md\/#\/schema\/logo\/image\/","url":"https:\/\/bautec.store\/wp-content\/uploads\/2025\/10\/logo-1.png","contentUrl":"https:\/\/bautec.store\/wp-content\/uploads\/2025\/10\/logo-1.png","width":1280,"height":187,"caption":"Bautec.Store"},"image":{"@id":"https:\/\/copiiicuriosi.md\/#\/schema\/logo\/image\/"},"sameAs":["https:\/\/www.facebook.com\/copiii.curiosi","https:\/\/www.youtube.com\/@CentruEducationalCopiiiCuriosi","https:\/\/www.instagram.com\/copiii.curiosi"]}]}},"_links":{"self":[{"href":"https:\/\/bautec.store\/ro\/wp-json\/wp\/v2\/pages\/3594","targetHints":{"allow":["GET"]}}],"collection":[{"href":"https:\/\/bautec.store\/ro\/wp-json\/wp\/v2\/pages"}],"about":[{"href":"https:\/\/bautec.store\/ro\/wp-json\/wp\/v2\/types\/page"}],"author":[{"embeddable":true,"href":"https:\/\/bautec.store\/ro\/wp-json\/wp\/v2\/users\/2"}],"replies":[{"embeddable":true,"href":"https:\/\/bautec.store\/ro\/wp-json\/wp\/v2\/comments?post=3594"}],"version-history":[{"count":3,"href":"https:\/\/bautec.store\/ro\/wp-json\/wp\/v2\/pages\/3594\/revisions"}],"predecessor-version":[{"id":4622,"href":"https:\/\/bautec.store\/ro\/wp-json\/wp\/v2\/pages\/3594\/revisions\/4622"}],"wp:attachment":[{"href":"https:\/\/bautec.store\/ro\/wp-json\/wp\/v2\/media?parent=3594"}],"curies":[{"name":"wp","href":"https:\/\/api.w.org\/{rel}","templated":true}]}}