{"id":4128,"date":"2025-11-27T12:24:27","date_gmt":"2025-11-27T12:24:27","guid":{"rendered":"https:\/\/bautec.store\/?page_id=4128"},"modified":"2026-02-12T12:34:00","modified_gmt":"2026-02-12T10:34:00","slug":"uslovija-oplaty-dostavki-zakaza-vozvr","status":"publish","type":"page","link":"https:\/\/bautec.store\/ro\/uslovija-oplaty-dostavki-zakaza-vozvr\/","title":{"rendered":"Plat\u0103 | Livrare | Retur"},"content":{"rendered":"\n<p><em>Stimate partener E-Commerce. Ace\u0219ti termeni \u0219i condi\u021bii sunt prezentate ca forma tip pentru efectuarea&nbsp; suportului dvs. informa\u021bional \u00een procesul conect\u0103rii serviciului e-commerce de la maib. V\u0103 rug\u0103m s\u0103 utiliza\u021bi aceast\u0103 pro-form\u0103 \u0219i, dup\u0103 necesitate, s\u0103 modifica\u021bi detaliile specifice pentru business case-ul dvs.&nbsp;&nbsp;&nbsp;&nbsp;&nbsp;&nbsp;<\/em><br><br>Prezen\u021bii Termeni \u0219i Condi\u021bii de utilizare a magazinului online www.bautec.store sunt aplicabile comenzilor pentru achizi\u021bionarea produselor\/serviciilor oferite de compania S.R.L. DRIVE INVEST GROUP prin intermediul site-ului.&nbsp;&nbsp;&nbsp;&nbsp;&nbsp;&nbsp;&nbsp;&nbsp;&nbsp;<\/p>\n\n\n\n<p>Pentru folosirea \u00een bune condi\u021bii a site-ului, v\u0103 recomand\u0103m familiarizarea cu aten\u021bie a Termenilor \u0219i Condi\u021bii-lor prezentate. Ne rezerv\u0103m dreptul de a face modific\u0103ri ale acestor prevederi, f\u0103r\u0103 o notificare prealabil\u0103.<br><\/p>\n\n\n\n<p><strong>1. <\/strong><strong>DISPOZI\u021aII GENERALE<\/strong><strong><\/strong><\/p>\n\n\n\n<p>Acest site este de\u021binut de S.R.L. DRIVE INVEST GROUP. La \u00eenregistrarea comenzii in magazinul online, Cump\u0103r\u0103torul&nbsp; accepta Termeni si Condi\u021biile de v\u00e2nzare a bunurilor\/produselor \u0219i\/sau prestare a serviciilor&nbsp; care sunt baza\u021bi pe legisla\u021bia RM (in continuare \u2013 Termeni \u0219i Condi\u021bii) prezentate mai jos.<\/p>\n\n\n\n<p>Utilizarea website-ului presupune acceptarea Termeni si Condi\u021bii propuse de c\u0103tre S.R.L. DRIVE INVEST GROUP, \u00een conformitate cu Legea nr.284\/2004 privind Comer\u021bul Electronic. Rela\u021biile dintre client si v\u00e2nz\u0103tor sunt stabilite \u00een baza Legii nr.105\/2003 cu privire la Protec\u021bia drepturilor consumatorului, si a altor acte normative adoptate \u00een conformitate cu aceasta.<\/p>\n\n\n\n<p>V\u00e2nz\u0103torul \u00ee\u0219i rezerva dreptul de a modifica Termenii si Condi\u021biile date, iar Cump\u0103r\u0103torul este obligat sa monitorizeze modific\u0103rile.<\/p>\n\n\n\n<p><strong>2. PROTEC\u021aIA DATELOR CU CARACTER PERSONAL<\/strong><\/p>\n\n\n\n<p>Prin utilizarea site-ului www.bautec.store , sunte\u021bi de acord \u00een mod automat cu colectarea \u0219i prelucrarea datelor cu caracter personal, care sunt necesare pentru procesarea\/confirmarea\/executarea comenzilor.<\/p>\n\n\n\n<p>Datele personale se prelucreaz\u0103 doar pentru scopuri legitime, precum acela de a furniza produsele pe care le comanzi, promo\u021bii, google analytics, cookies \u0219i notific\u0103ri\\newsletter.<\/p>\n\n\n\n<p>Toat\u0103 informa\u021bia ce con\u021bine date cu caracter personal este stocat\u0103 \u0219i utilizat\u0103 doar pentru perioada necesar\u0103 atingerii scopurilor pentru care a fost colectat\u0103 \u0219i \u00een conformitate cu prevederile stabilite de Legea nr. 133\/2011 privind protec\u021bia datelor cu caracter personal.<\/p>\n\n\n\n<p>Noi folosim m\u0103suri de securitate comerciale pentru a preveni accesul neautorizat, men\u021binerea exactit\u0103\u021bii date-lor \u0219i pentru asigurarea utiliz\u0103rii corecte a informa\u021biei de pe site. Transmiterea datelor pe internet sau prin re\u021bea wireless nu poate fi protejata \u00een totalitate. Prin urmare, la fel ca alte companii, noi nu putem garanta securitatea informa\u021biei pe care o ofer\u0103 Cump\u0103r\u0103torului, astfel, el va face acest lucru pe propria r\u0103spundere.<\/p>\n\n\n\n<p><strong>3. \u00ceNREGISTRAREA \u0218I ACHITAREA COMENZII<\/strong><strong><\/strong><\/p>\n\n\n\n<p>Achitarea comenzilor este posibil\u0103 cu cardul de plat\u0103 \u2013 la primirea comenzii ve\u021bi primi bonul fiscal ce va confirma plata.<\/p>\n\n\n\n<p>Plata online se face \u00een condi\u021bii de siguran\u021ba maxima folosind ca instrument de plat\u0103 cardul de plat\u0103, care permite efectuarea de tranzac\u021bii online. Dup\u0103 efectuarea pl\u0103\u021bii ve\u021bi primi o confirmare de plata pe adresa dvs. de email.<\/p>\n\n\n\n<p>Procesatorul de plata folose\u0219te un sistem securizat, bazat pe ultima versiunea a standardului de securitate 3D-Secure ceea ce \u00eenseamn\u0103 o nou\u0103 abordare global\u0103 a autentific\u0103rii cump\u0103r\u0103torilor \u00een tranzac\u021bii sigure online. Aceasta m\u0103sura de siguran\u021ba presupune redirec\u021bionarea utilizatorului \u00een momentul efectu\u0103rii pla\u021bii pe o pagina securizata <strong>maib<\/strong> unde autentificarea fiec\u0103rui de\u021bin\u0103tor de card se face prin atribuirea unui cod de unic\u0103 folosin\u021be pentru fiecare tranzac\u021bie online.<\/p>\n\n\n\n<figure class=\"wp-block-table\"><table class=\"has-fixed-layout\"><tbody><tr><td>&nbsp; &nbsp;<\/td><\/tr><\/tbody><\/table><\/figure>\n\n\n\n<p>&nbsp;Rambursarea mijloacelor b\u0103ne\u0219ti se efectueaz\u0103 doar pe cardul de plat\u0103 care a fost folosit pentru achizi\u021bie.<\/p>\n\n\n\n<p>Pentru a efectua o plat\u0103, va trebui s\u0103 introduce\u021bi detaliile cardului dvs. bancar. Transferul acestor informa\u021bii se face \u00een conformitate cu toate m\u0103surile de securitate necesare. Informa\u021biile sunt transmise \u00een form\u0103 criptat\u0103 \u0219i sunt stocate numai pe un server specializat al sistemului de pl\u0103\u021bi.<\/p>\n\n\n\n<p><br>Pentru efectuarea pl\u0103\u021bii vor fi solicitate urm\u0103toarele date:<\/p>\n\n\n\n<ul class=\"wp-block-list\">\n<li>Num\u0103rul cardului (16 cifre)<\/li>\n\n\n\n<li>Data expir\u0103rii (luna \u0219i anul)<\/li>\n\n\n\n<li>Codul CVC sau CVV (3 cifre)<\/li>\n\n\n\n<li>Numele \u0219i prenumele de pe cardul de plat\u0103<\/li>\n<\/ul>\n\n\n\n<p>\u00cen cazul \u00een care valuta cardului difer\u0103 de valuta tranzac\u021biei (MDL), atunci la convertirea sumei re\u021binute din contul de card se vor aplica condi\u021biile b\u0103ncii emitente.<\/p>\n\n\n\n<p><strong>4. LIVRAREA PRODUSELOR \/ M\u0102RFURILOR \/ SERVICIILOR<\/strong><strong><\/strong><\/p>\n\n\n\n<p>Dup\u0103 \u00eenregistrarea comenzii, cump\u0103r\u0103torului i se ofer\u0103 informa\u021bia privind data preconizat\u0103 de transmitere a comenzii de c\u0103tre curieri \/ serviciul de livrare.<\/p>\n\n\n\n<p>Livrarea \u00een raza mun. Chi\u0219in\u0103u se efectueaz\u0103 \u00een timp de 72 ore de la confirmarea a comenzii de c\u0103tre operatorii no\u0219tri. Livrarea se efectueaz\u0103 de la ora 08:00 &nbsp;p\u00e2n\u0103 la ora 17:00 &nbsp;\u0219i este&nbsp;<strong>gratuit\u0103<\/strong>&nbsp;pentru comenzi de minim &nbsp;5000 MDL, pentru comenzi cu valoare mai mic\u0103 se achit\u0103 livrarea de la 200 MDL (care va fi inclus\u0103 \u00een suma total\u0103 a tranzac\u021biei\/comenzii).<\/p>\n\n\n\n<p>Livrarea pe teritoriul R.Moldova se efectueaz\u0103 \u00een timp de 72 ore, de la confirmarea comenzii de c\u0103tre operatorii no\u0219tri. Livrarea se efectueaz\u0103 de la ora 08:00 p\u00e2n\u0103 la ora 17:00 &nbsp;\u0219i este&nbsp;<strong>gratuit\u0103<\/strong>&nbsp;pentru comenzi de minim 5000 MDL, pentru comenzi cu valoare mai mic\u0103 se achit\u0103 livrarea de la 200 MDL (care va fi inclus\u0103 \u00een suma total\u0103 a tranzac\u021biei\/comenzii).<\/p>\n\n\n\n<p>\u00cen zilele de duminic\u0103 sau s\u0103rb\u0103toare na\u021bional\u0103 nu se efectueaz\u0103 livr\u0103ri.<\/p>\n\n\n\n<p>Termenul de livrare se poate extinde \u00een anumite situa\u021bii izolate (de exemplu: condi\u021bii meteo nefavorabile, perioadele s\u0103rb\u0103torilor legale, probleme tehnice neprev\u0103zute etc). V\u0103 vom notifica \u00een cazul \u00een care \u00eent\u00e2mpin\u0103m una dintre situa\u021biile izolate \u00een prealabil.<\/p>\n\n\n\n<p>Pute\u021bi alege orice adresa pentru livrare \u2013 acas\u0103, \u00een oficiu sau oricare alt\u0103 adres\u0103, f\u0103r\u0103 achit\u0103ri suplimentare. Noi accept\u0103m o singur\u0103 adres\u0103 de livrare pentru fiecare comand\u0103. \u00cen cazul \u00een care ave\u021bi nevoie pentru a livra comanda pe diferite adrese, v\u0103 rug\u0103m s\u0103 \u00eenregistra\u021bi comenzi diferite pentru fiecare adres\u0103.<\/p>\n\n\n\n<p>La primirea produselor, v\u0103 rug\u0103m \u00een prezen\u021ba curierului s\u0103 verifica\u021bi integritatea ambalajului, prezen\u021ba bonului fiscal. Orice preten\u021bie ulterioar\u0103 cu privire la aceste aspecte nu vor fi acceptate.<\/p>\n\n\n\n<p><strong>5. DREPTUL LA RETUR&nbsp; <\/strong><strong><\/strong><\/p>\n\n\n\n<p><strong>Conform no\u021biunii din Legea nr. 105-XV din 13 martie 2013 privind protec\u021bia consumatorilor <\/strong><strong>Cump\u0103r\u0103torul are dreptul de a returna produs\/marfa procurat\u0103 din anumite motive \u00een timp de 14 zile de la ziua achit\u0103rii. Mijloacele b\u0103ne\u0219ti sunt returnate pe cardul de pe care s-a efectuat cump\u0103r\u0103tura.<\/strong><strong><\/strong><\/p>\n\n\n\n<p><strong>Articolele de <\/strong><strong>articole exemplu<\/strong><strong> nu pot fi schimbate sau returnate, <\/strong>\u00een conformitate cu&nbsp; Anexa nr.2 a Hot\u0103r\u00e2rii Guvernului \u21161465 din&nbsp;08.12.2003 (MO248-253\/19.12.2003), \u00een redac\u021bia&nbsp;Hot\u0103r\u00e2rii Guvernului \u21161188 din&nbsp;02.11.2007 (\u041c\u041e175\/09.11.2007)<strong>.<\/strong><\/p>\n\n\n\n<p><strong>Contactele companiei in caz de retur: <\/strong><a href=\"tel:37362087777\">+373 (62) 087 777<\/a><\/p>\n\n\n\n<p><strong>Termenul de procesare a cererii de retur: 7<\/strong><strong> zile<\/strong><\/p>\n\n\n\n<p><strong>Condi\u021biile de retur: <\/strong><strong>\u0425\u0425\u0425\u0425\u0425\u0425\u0425\u0425<\/strong><\/p>\n\n\n\n<figure class=\"wp-block-table\"><table class=\"has-fixed-layout\"><tbody><tr><td>Nu este completat &#8230;.<\/td><\/tr><tr><td>Nu este completat &#8230;.<\/td><td>&nbsp; &nbsp;<\/td><\/tr><\/tbody><\/table><\/figure>\n\n\n\n<p><em>&nbsp;<\/em><\/p>\n\n\n\n<p><strong>6. POLITICA DE CONFIDEN\u021aIALITATE<\/strong><strong><\/strong><\/p>\n\n\n\n<p>\u00cen conformitate cu prevederile Legii Nr.133\/2011 privind protec\u021bia datelor cu caracter personal, furnizorul de servicii prelucreaz\u0103 date cu caracter personal. Datele cu caracter personal sunt prelucrate cu buna-credin\u021b\u0103 \u0219i se face \u00een temeiul \u0219i \u00een conformitate cu prevederile legale. Prelucrarea datelor cu caracter personal se realizeaz\u0103 prin mijloace mixte (automate \u0219i manuale), cu respectarea cerin\u021belor legale \u0219i \u00een condi\u021bii care s\u0103 asigure securitatea, confiden\u021bialitatea \u0219i respectarea drepturilor persoanelor vizate.<\/p>\n\n\n\n<p>Furnizorul colecteaz\u0103 \u0219i prelucreaz\u0103 doar datele personale furnizate de consumatori la efectuarea comenzii: nume, prenume, num\u0103r de telefon, adresa, adresa po\u0219tal\u0103.<\/p>\n\n\n\n<p>Datele personale sunt utilizate exclusiv \u00een scopul administr\u0103rii site-ului, pentru a permite accesul la informa\u021bii special, pentru livrarea comenzilor sau pentru a contacta consumatorul \u00een vederea execut\u0103rii livr\u0103rii. Prin prezenta informare, utilizatorii \u0219i consumatorii iau cuno\u0219tin\u021b\u0103 despre faptul c\u0103 li se vor prelucra \u0219i utiliza datele cu caracter personal (nume, prenume, num\u0103r de telefon, adresa, adresa po\u0219tal\u0103). Furnizorul de servicii prelucreaz\u0103 datele cu caracter personal ale utilizatorilor \u0219i consumatorilor care sunt furnizate prin navigarea, folosirea \u0219i \u00eenregistrarea pe site-ul <strong>www.bautec.store<\/strong><\/p>\n\n\n\n<p>Orice informa\u021bie furnizat\u0103 de c\u0103tre utilizatorii \u0219i consumatorii site-ului <strong>www.bautec.store<\/strong>, va fi considerat\u0103 \u0219i va reprezenta consim\u021b\u0103m\u00e2ntul expres ca datele personale s\u0103 fie folosite de Furnizor.<\/p>\n\n\n\n<p>Furnizorul nu va dezv\u0103lui unei ter\u021be p\u0103r\u021bi niciuna dintre datele de\u021binute, f\u0103r\u0103 acordul persoanelor vizate \u0219i nu va comercializa, schimba, divulga aceste date cu alte persoane, cu excep\u021biile prev\u0103zute de legisla\u021bia \u00een vigoare (la solicitarea institu\u021biilor publice ale statului, organele de drept, instan\u021belor de judecat\u0103, de asemenea autorizate s\u0103 prelucreze date cu caracter personal).<\/p>\n\n\n\n<p>Datele cu caracter personal pot fi prelucrate \u0219i utilizate de c\u0103tre Furnizor \u0219i \u00een scopuri statistice \u0219i de promovare ulterioar\u0103.<\/p>\n\n\n\n<p>Furnizorul de servicii \u00eendepline\u0219te cerin\u021bele de securitate a datelor cu caracter personal \u0219i asigur\u0103 protec\u021bia datelor consumatorilor \u0219i le protejeaz\u0103 pentru a nu fi pierdute, distruse, distorsionate\/falsificate sau divulgate ter\u021belor persoane.<\/p>\n\n\n\n<p>Angaja\u021bii furnizorului de servicii sunt obliga\u021bi s\u0103 respecte confiden\u021bialitatea datelor personale ale consumatorilor. Prelucrarea datelor cu caracter personal va fi realizat\u0103 de persoana \u00eemputernicit\u0103 a Furnizorului.<\/p>\n\n\n\n<p>Furnizorul utilizeaz\u0103 metode \u0219i tehnologii de securitate conform prevederilor legale \u00een vigoare.<\/p>\n\n\n\n<p>Furnizorul nu colecteaz\u0103 informa\u021bii referitoare la tranzac\u021bii, cum ar fi nr. la card, data expir\u0103rii, \u021bara de origine.<\/p>\n\n\n\n<p>Pentru mai multe detalii \u0219i informa\u021bii orice persoan\u0103 interesat\u0103 se poate adresa printr-un email la <a href=\"mailto:info@bautec.store\">info@bautec.store<\/a> sau prin telefon la num\u0103rul <strong> <\/strong><a href=\"tel:37362087777\">+373 (62) 087 777<\/a><\/p>\n\n\n\n<p><strong><br><\/strong><strong>7. <\/strong><strong>D<\/strong><strong>ATELE DE CONTACT<\/strong><strong> <\/strong><strong><\/strong><\/p>\n\n\n\n<p>Denumirea juridica a companiei: <strong>S.R.L. DRIVE INVEST GROUP<\/strong><\/p>\n\n\n\n<p>IDNO: <strong>1021602003087<\/strong><\/p>\n\n\n\n<p>Adresa juridica<strong>: mun. Chi\u015fin\u0103u, sec. R\u00ee\u015fcani, str. Albi\u015foara, 84\/3, ap.(of.) 86<\/strong><\/p>\n\n\n\n<p>Adresa fizica: <strong>str. Mun: Balti, str: Mihai Eminescu 20<\/strong><br>Telefon de contact:<strong><a href=\"tel:37362087777\">+373 (62) 087 777<\/a><\/strong><\/p>\n\n\n\n<p>Email de contact: <strong><a href=\"mailto:info@bautec.store\">info@bautec.store<\/a><\/strong><\/p>\n\n\n\n<p><\/p>\n","protected":false},"excerpt":{"rendered":"<p>Stimate partener E-Commerce. Ace\u0219ti termeni \u0219i condi\u021bii sunt prezentate ca forma tip pentru efectuarea&nbsp; suportului dvs. informa\u021bional \u00een procesul conect\u0103rii serviciului e-commerce de la maib. V\u0103 rug\u0103m s\u0103 utiliza\u021bi aceast\u0103 pro-form\u0103 \u0219i, dup\u0103 necesitate, s\u0103 modifica\u021bi detaliile specifice pentru business case-ul dvs.&nbsp;&nbsp;&nbsp;&nbsp;&nbsp;&nbsp; Prezen\u021bii Termeni \u0219i Condi\u021bii de utilizare a magazinului online www.bautec.store sunt aplicabile comenzilor [&hellip;]<\/p>\n","protected":false},"author":2,"featured_media":0,"parent":0,"menu_order":0,"comment_status":"closed","ping_status":"closed","template":"","meta":{"_gspb_post_css":"","_themeisle_gutenberg_block_has_review":false,"footnotes":""},"class_list":["post-4128","page","type-page","status-publish","hentry"],"blocksy_meta":[],"yoast_head":"<!-- This site is optimized with the Yoast SEO plugin v27.4 - https:\/\/yoast.com\/product\/yoast-seo-wordpress\/ -->\n<title>Plat\u0103 | Livrare | Retur - Bautec.Store<\/title>\n<meta name=\"robots\" content=\"index, follow, max-snippet:-1, max-image-preview:large, max-video-preview:-1\" \/>\n<link rel=\"canonical\" href=\"https:\/\/bautec.store\/uslovija-oplaty-dostavki-zakaza-vozvr\/\" \/>\n<meta property=\"og:locale\" content=\"ro_RO\" \/>\n<meta property=\"og:type\" content=\"article\" \/>\n<meta property=\"og:title\" content=\"[:ru]\u041e\u043f\u043b\u0430\u0442\u0430 | \u0414\u043e\u0441\u0442\u0430\u0432\u043a\u0430 | \u0412\u043e\u0437\u0432\u0440\u0430\u0442[:ro]Plat\u0103 | Livrare | Retur[:en]Payment | Delivery | Returns[:] - Bautec.Store\" \/>\n<meta property=\"og:description\" content=\"Stimate partener E-Commerce. Ace\u0219ti termeni \u0219i condi\u021bii sunt prezentate ca forma tip pentru efectuarea&nbsp; suportului dvs. informa\u021bional \u00een procesul conect\u0103rii serviciului e-commerce de la maib. V\u0103 rug\u0103m s\u0103 utiliza\u021bi aceast\u0103 pro-form\u0103 \u0219i, dup\u0103 necesitate, s\u0103 modifica\u021bi detaliile specifice pentru business case-ul dvs.&nbsp;&nbsp;&nbsp;&nbsp;&nbsp;&nbsp; Prezen\u021bii Termeni \u0219i Condi\u021bii de utilizare a magazinului online www.bautec.store sunt aplicabile comenzilor [&hellip;]\" \/>\n<meta property=\"og:url\" content=\"https:\/\/bautec.store\/uslovija-oplaty-dostavki-zakaza-vozvr\/\" \/>\n<meta property=\"og:site_name\" content=\"Bautec.Store\" \/>\n<meta property=\"article:publisher\" content=\"https:\/\/www.facebook.com\/copiii.curiosi\" \/>\n<meta property=\"article:modified_time\" content=\"2026-02-12T10:34:00+00:00\" \/>\n<meta name=\"twitter:card\" content=\"summary_large_image\" \/>\n<meta name=\"twitter:label1\" content=\"Timp estimat pentru citire\" \/>\n\t<meta name=\"twitter:data1\" content=\"8 minute\" \/>\n<script type=\"application\/ld+json\" class=\"yoast-schema-graph\">{\"@context\":\"https:\\\/\\\/schema.org\",\"@graph\":[{\"@type\":\"WebPage\",\"@id\":\"https:\\\/\\\/bautec.store\\\/uslovija-oplaty-dostavki-zakaza-vozvr\\\/\",\"url\":\"https:\\\/\\\/bautec.store\\\/uslovija-oplaty-dostavki-zakaza-vozvr\\\/\",\"name\":\"[:ru]\u041e\u043f\u043b\u0430\u0442\u0430 | \u0414\u043e\u0441\u0442\u0430\u0432\u043a\u0430 | \u0412\u043e\u0437\u0432\u0440\u0430\u0442[:ro]Plat\u0103 | Livrare | Retur[:en]Payment | Delivery | Returns[:] - Bautec.Store\",\"isPartOf\":{\"@id\":\"https:\\\/\\\/copiiicuriosi.md\\\/#website\"},\"datePublished\":\"2025-11-27T12:24:27+00:00\",\"dateModified\":\"2026-02-12T10:34:00+00:00\",\"breadcrumb\":{\"@id\":\"https:\\\/\\\/bautec.store\\\/uslovija-oplaty-dostavki-zakaza-vozvr\\\/#breadcrumb\"},\"inLanguage\":\"ro-RO\",\"potentialAction\":[{\"@type\":\"ReadAction\",\"target\":[\"https:\\\/\\\/bautec.store\\\/uslovija-oplaty-dostavki-zakaza-vozvr\\\/\"]}]},{\"@type\":\"BreadcrumbList\",\"@id\":\"https:\\\/\\\/bautec.store\\\/uslovija-oplaty-dostavki-zakaza-vozvr\\\/#breadcrumb\",\"itemListElement\":[{\"@type\":\"ListItem\",\"position\":1,\"name\":\"\u0413\u043b\u0430\u0432\u043d\u0430\u044f \u0441\u0442\u0440\u0430\u043d\u0438\u0446\u0430\",\"item\":\"https:\\\/\\\/bautec.store\\\/\"},{\"@type\":\"ListItem\",\"position\":2,\"name\":\"\u041e\u043f\u043b\u0430\u0442\u0430 | \u0414\u043e\u0441\u0442\u0430\u0432\u043a\u0430 | \u0412\u043e\u0437\u0432\u0440\u0430\u0442\"}]},{\"@type\":\"WebSite\",\"@id\":\"https:\\\/\\\/copiiicuriosi.md\\\/#website\",\"url\":\"https:\\\/\\\/copiiicuriosi.md\\\/\",\"name\":\"Bautec.Store\",\"description\":\"[:ru]\u0418\u043d\u0441\u0442\u0440\u0443\u043c\u0435\u043d\u0442\u044b \u043a\u043e\u0442\u043e\u0440\u044b\u043c \u0434\u043e\u0432\u0435\u0440\u044f\u044e\u0442 \u043f\u0440\u043e\u0444\u0435\u0441\u0441\u0438\u043e\u043d\u0430\u043b\u044b[:ro]Instrumente de \u00eencredere pentru profesioni\u0219ti[:en]Instruments trusted by professionals[:]\",\"publisher\":{\"@id\":\"https:\\\/\\\/copiiicuriosi.md\\\/#organization\"},\"potentialAction\":[{\"@type\":\"SearchAction\",\"target\":{\"@type\":\"EntryPoint\",\"urlTemplate\":\"https:\\\/\\\/copiiicuriosi.md\\\/?s={search_term_string}\"},\"query-input\":{\"@type\":\"PropertyValueSpecification\",\"valueRequired\":true,\"valueName\":\"search_term_string\"}}],\"inLanguage\":\"ro-RO\"},{\"@type\":\"Organization\",\"@id\":\"https:\\\/\\\/copiiicuriosi.md\\\/#organization\",\"name\":\"Bautec.Store\",\"url\":\"https:\\\/\\\/copiiicuriosi.md\\\/\",\"logo\":{\"@type\":\"ImageObject\",\"inLanguage\":\"ro-RO\",\"@id\":\"https:\\\/\\\/copiiicuriosi.md\\\/#\\\/schema\\\/logo\\\/image\\\/\",\"url\":\"https:\\\/\\\/bautec.store\\\/wp-content\\\/uploads\\\/2025\\\/10\\\/logo-1.png\",\"contentUrl\":\"https:\\\/\\\/bautec.store\\\/wp-content\\\/uploads\\\/2025\\\/10\\\/logo-1.png\",\"width\":1280,\"height\":187,\"caption\":\"Bautec.Store\"},\"image\":{\"@id\":\"https:\\\/\\\/copiiicuriosi.md\\\/#\\\/schema\\\/logo\\\/image\\\/\"},\"sameAs\":[\"https:\\\/\\\/www.facebook.com\\\/copiii.curiosi\",\"https:\\\/\\\/www.youtube.com\\\/@CentruEducationalCopiiiCuriosi\",\"https:\\\/\\\/www.instagram.com\\\/copiii.curiosi\"]}]}<\/script>\n<!-- \/ Yoast SEO plugin. -->","yoast_head_json":{"title":"[:ru]\u041e\u043f\u043b\u0430\u0442\u0430 | \u0414\u043e\u0441\u0442\u0430\u0432\u043a\u0430 | \u0412\u043e\u0437\u0432\u0440\u0430\u0442[:ro]Plat\u0103 | Livrare | Retur[:en]Payment | Delivery | Returns[:] - Bautec.Store","robots":{"index":"index","follow":"follow","max-snippet":"max-snippet:-1","max-image-preview":"max-image-preview:large","max-video-preview":"max-video-preview:-1"},"canonical":"https:\/\/bautec.store\/uslovija-oplaty-dostavki-zakaza-vozvr\/","og_locale":"ro_RO","og_type":"article","og_title":"[:ru]\u041e\u043f\u043b\u0430\u0442\u0430 | \u0414\u043e\u0441\u0442\u0430\u0432\u043a\u0430 | \u0412\u043e\u0437\u0432\u0440\u0430\u0442[:ro]Plat\u0103 | Livrare | Retur[:en]Payment | Delivery | Returns[:] - Bautec.Store","og_description":"Stimate partener E-Commerce. Ace\u0219ti termeni \u0219i condi\u021bii sunt prezentate ca forma tip pentru efectuarea&nbsp; suportului dvs. informa\u021bional \u00een procesul conect\u0103rii serviciului e-commerce de la maib. V\u0103 rug\u0103m s\u0103 utiliza\u021bi aceast\u0103 pro-form\u0103 \u0219i, dup\u0103 necesitate, s\u0103 modifica\u021bi detaliile specifice pentru business case-ul dvs.&nbsp;&nbsp;&nbsp;&nbsp;&nbsp;&nbsp; Prezen\u021bii Termeni \u0219i Condi\u021bii de utilizare a magazinului online www.bautec.store sunt aplicabile comenzilor [&hellip;]","og_url":"https:\/\/bautec.store\/uslovija-oplaty-dostavki-zakaza-vozvr\/","og_site_name":"Bautec.Store","article_publisher":"https:\/\/www.facebook.com\/copiii.curiosi","article_modified_time":"2026-02-12T10:34:00+00:00","twitter_card":"summary_large_image","twitter_misc":{"Timp estimat pentru citire":"8 minute"},"schema":{"@context":"https:\/\/schema.org","@graph":[{"@type":"WebPage","@id":"https:\/\/bautec.store\/uslovija-oplaty-dostavki-zakaza-vozvr\/","url":"https:\/\/bautec.store\/uslovija-oplaty-dostavki-zakaza-vozvr\/","name":"[:ru]\u041e\u043f\u043b\u0430\u0442\u0430 | \u0414\u043e\u0441\u0442\u0430\u0432\u043a\u0430 | \u0412\u043e\u0437\u0432\u0440\u0430\u0442[:ro]Plat\u0103 | Livrare | Retur[:en]Payment | Delivery | Returns[:] - Bautec.Store","isPartOf":{"@id":"https:\/\/copiiicuriosi.md\/#website"},"datePublished":"2025-11-27T12:24:27+00:00","dateModified":"2026-02-12T10:34:00+00:00","breadcrumb":{"@id":"https:\/\/bautec.store\/uslovija-oplaty-dostavki-zakaza-vozvr\/#breadcrumb"},"inLanguage":"ro-RO","potentialAction":[{"@type":"ReadAction","target":["https:\/\/bautec.store\/uslovija-oplaty-dostavki-zakaza-vozvr\/"]}]},{"@type":"BreadcrumbList","@id":"https:\/\/bautec.store\/uslovija-oplaty-dostavki-zakaza-vozvr\/#breadcrumb","itemListElement":[{"@type":"ListItem","position":1,"name":"\u0413\u043b\u0430\u0432\u043d\u0430\u044f \u0441\u0442\u0440\u0430\u043d\u0438\u0446\u0430","item":"https:\/\/bautec.store\/"},{"@type":"ListItem","position":2,"name":"\u041e\u043f\u043b\u0430\u0442\u0430 | \u0414\u043e\u0441\u0442\u0430\u0432\u043a\u0430 | \u0412\u043e\u0437\u0432\u0440\u0430\u0442"}]},{"@type":"WebSite","@id":"https:\/\/copiiicuriosi.md\/#website","url":"https:\/\/copiiicuriosi.md\/","name":"Bautec.Store","description":"[:ru]\u0418\u043d\u0441\u0442\u0440\u0443\u043c\u0435\u043d\u0442\u044b \u043a\u043e\u0442\u043e\u0440\u044b\u043c \u0434\u043e\u0432\u0435\u0440\u044f\u044e\u0442 \u043f\u0440\u043e\u0444\u0435\u0441\u0441\u0438\u043e\u043d\u0430\u043b\u044b[:ro]Instrumente de \u00eencredere pentru profesioni\u0219ti[:en]Instruments trusted by professionals[:]","publisher":{"@id":"https:\/\/copiiicuriosi.md\/#organization"},"potentialAction":[{"@type":"SearchAction","target":{"@type":"EntryPoint","urlTemplate":"https:\/\/copiiicuriosi.md\/?s={search_term_string}"},"query-input":{"@type":"PropertyValueSpecification","valueRequired":true,"valueName":"search_term_string"}}],"inLanguage":"ro-RO"},{"@type":"Organization","@id":"https:\/\/copiiicuriosi.md\/#organization","name":"Bautec.Store","url":"https:\/\/copiiicuriosi.md\/","logo":{"@type":"ImageObject","inLanguage":"ro-RO","@id":"https:\/\/copiiicuriosi.md\/#\/schema\/logo\/image\/","url":"https:\/\/bautec.store\/wp-content\/uploads\/2025\/10\/logo-1.png","contentUrl":"https:\/\/bautec.store\/wp-content\/uploads\/2025\/10\/logo-1.png","width":1280,"height":187,"caption":"Bautec.Store"},"image":{"@id":"https:\/\/copiiicuriosi.md\/#\/schema\/logo\/image\/"},"sameAs":["https:\/\/www.facebook.com\/copiii.curiosi","https:\/\/www.youtube.com\/@CentruEducationalCopiiiCuriosi","https:\/\/www.instagram.com\/copiii.curiosi"]}]}},"_links":{"self":[{"href":"https:\/\/bautec.store\/ro\/wp-json\/wp\/v2\/pages\/4128","targetHints":{"allow":["GET"]}}],"collection":[{"href":"https:\/\/bautec.store\/ro\/wp-json\/wp\/v2\/pages"}],"about":[{"href":"https:\/\/bautec.store\/ro\/wp-json\/wp\/v2\/types\/page"}],"author":[{"embeddable":true,"href":"https:\/\/bautec.store\/ro\/wp-json\/wp\/v2\/users\/2"}],"replies":[{"embeddable":true,"href":"https:\/\/bautec.store\/ro\/wp-json\/wp\/v2\/comments?post=4128"}],"version-history":[{"count":2,"href":"https:\/\/bautec.store\/ro\/wp-json\/wp\/v2\/pages\/4128\/revisions"}],"predecessor-version":[{"id":4623,"href":"https:\/\/bautec.store\/ro\/wp-json\/wp\/v2\/pages\/4128\/revisions\/4623"}],"wp:attachment":[{"href":"https:\/\/bautec.store\/ro\/wp-json\/wp\/v2\/media?parent=4128"}],"curies":[{"name":"wp","href":"https:\/\/api.w.org\/{rel}","templated":true}]}}