{"id":3644,"date":"2026-02-05T08:02:57","date_gmt":"2026-02-05T08:02:57","guid":{"rendered":"https:\/\/bautec.store\/?post_type=product&#038;p=3644"},"modified":"2026-02-07T11:23:32","modified_gmt":"2026-02-07T09:23:32","slug":"bautec-21-v-40","status":"publish","type":"product","link":"https:\/\/bautec.store\/ro\/product\/bautec-21-v-40\/","title":{"rendered":"Acumulator Bautec 21V 4.0Ah Li-Ion"},"content":{"rendered":"<p><\/p>\n<div class=\"flex flex-col text-sm pb-25\">\n<article class=\"text-token-text-primary w-full focus:outline-none [--shadow-height:45px] has-data-writing-block:pointer-events-none has-data-writing-block:-mt-(--shadow-height) has-data-writing-block:pt-(--shadow-height) [&amp;:has([data-writing-block])&gt;*]:pointer-events-auto scroll-mt-[calc(var(--header-height)+min(200px,max(70px,20svh)))]\" dir=\"auto\" tabindex=\"-1\" data-turn-id=\"request-WEB:64f352dd-2fd7-438f-91e6-0d0e0a1ab03a-16\" data-testid=\"conversation-turn-34\" data-scroll-anchor=\"true\" data-turn=\"assistant\">\n<div class=\"text-base my-auto mx-auto pb-10 [--thread-content-margin:--spacing(4)] @w-sm\/main:[--thread-content-margin:--spacing(6)] @w-lg\/main:[--thread-content-margin:--spacing(16)] px-(--thread-content-margin)\">\n<div class=\"[--thread-content-max-width:40rem] @w-lg\/main:[--thread-content-max-width:48rem] mx-auto max-w-(--thread-content-max-width) flex-1 group\/turn-messages focus-visible:outline-hidden relative flex w-full min-w-0 flex-col agent-turn\" tabindex=\"-1\">\n<div class=\"flex max-w-full flex-col grow\">\n<div class=\"min-h-8 text-message relative flex w-full flex-col items-end gap-2 text-start break-words whitespace-normal [.text-message+&amp;]:mt-1\" dir=\"auto\" data-message-author-role=\"assistant\" data-message-id=\"66386e6e-2c49-429e-b191-0ed696b56ad2\" data-message-model-slug=\"gpt-5-2\">\n<div class=\"flex w-full flex-col gap-1 empty:hidden first:pt-[1px]\">\n<div class=\"markdown prose dark:prose-invert w-full wrap-break-word dark markdown-new-styling\">\n<h4 data-start=\"0\" data-end=\"26\">\u2705 <strong data-start=\"2\" data-end=\"26\">Caracteristici cheie<\/strong><\/h4>\n<ul data-start=\"28\" data-end=\"755\">\n<li data-start=\"28\" data-end=\"132\">\n<p data-start=\"30\" data-end=\"132\"><strong data-start=\"30\" data-end=\"60\">Tensiune: 18 V (21 V max.)<\/strong> \u2014 compatibil cu sculele Bautec care func\u021bioneaz\u0103 la aceast\u0103 tensiune.<\/p>\n<\/li>\n<li data-start=\"133\" data-end=\"236\">\n<p data-start=\"135\" data-end=\"236\"><strong data-start=\"135\" data-end=\"170\">Capacitate acumulator: 4000 mAh<\/strong> \u2014 asigur\u0103 un timp de lucru \u00eendelungat f\u0103r\u0103 \u00eenc\u0103rc\u0103ri frecvente.<\/p>\n<\/li>\n<li data-start=\"237\" data-end=\"348\">\n<p data-start=\"239\" data-end=\"348\"><strong data-start=\"239\" data-end=\"286\">Carcas\u0103 acumulator: nailon cu strat ignifug<\/strong> \u2014 durabilitate sporit\u0103 \u0219i siguran\u021b\u0103 ridicat\u0103 \u00een exploatare.<\/p>\n<\/li>\n<li data-start=\"349\" data-end=\"443\">\n<p data-start=\"351\" data-end=\"443\"><strong data-start=\"351\" data-end=\"383\">Curent de desc\u0103rcare ridicat<\/strong> \u2014 permite func\u021bionarea sculelor chiar \u0219i la sarcini mari.<\/p>\n<\/li>\n<li data-start=\"444\" data-end=\"651\">\n<p data-start=\"446\" data-end=\"488\"><strong data-start=\"446\" data-end=\"488\">Sistem de protec\u021bie al acumulatorului:<\/strong><\/p>\n<ul data-start=\"491\" data-end=\"651\">\n<li data-start=\"491\" data-end=\"517\">\n<p data-start=\"493\" data-end=\"517\">Protec\u021bie la \u00eenc\u0103rcare<\/p>\n<\/li>\n<li data-start=\"520\" data-end=\"547\">\n<p data-start=\"522\" data-end=\"547\">Protec\u021bie la desc\u0103rcare<\/p>\n<\/li>\n<li data-start=\"550\" data-end=\"581\">\n<p data-start=\"552\" data-end=\"581\">Protec\u021bie la supra\u00eenc\u0103rcare<\/p>\n<\/li>\n<li data-start=\"584\" data-end=\"613\">\n<p data-start=\"586\" data-end=\"613\">Protec\u021bie la scurtcircuit<\/p>\n<\/li>\n<li data-start=\"616\" data-end=\"651\">\n<p data-start=\"618\" data-end=\"651\">Protec\u021bie pe celul\u0103 individual\u0103<\/p>\n<\/li>\n<\/ul>\n<\/li>\n<li data-start=\"652\" data-end=\"755\">\n<p data-start=\"654\" data-end=\"755\"><strong data-start=\"654\" data-end=\"674\">Compatibilitate:<\/strong> potrivit pentru toate sculele electrice pe acumulator Bautec din seria <strong data-start=\"746\" data-end=\"754\">21 V<\/strong>.<\/p>\n<\/li>\n<\/ul>\n<hr data-start=\"757\" data-end=\"760\" \/>\n<h4 data-start=\"762\" data-end=\"778\">\ud83d\udee0\ufe0f <strong data-start=\"766\" data-end=\"778\">Avantaje<\/strong><\/h4>\n<ul data-start=\"780\" data-end=\"1000\" data-is-last-node=\"\" data-is-only-node=\"\">\n<li data-start=\"780\" data-end=\"828\">\n<p data-start=\"782\" data-end=\"828\">Autonomie mare f\u0103r\u0103 necesitatea re\u00eenc\u0103rc\u0103rii<\/p>\n<\/li>\n<li data-start=\"829\" data-end=\"903\">\n<p data-start=\"831\" data-end=\"903\">Utilizare sigur\u0103 \u0219i fiabil\u0103 datorit\u0103 sistemelor de protec\u021bie integrate<\/p>\n<\/li>\n<li data-start=\"904\" data-end=\"945\">\n<p data-start=\"906\" data-end=\"945\">Carcas\u0103 rezistent\u0103 din nailon ignifug<\/p>\n<\/li>\n<li data-start=\"946\" data-end=\"1000\" data-is-last-node=\"\">\n<p data-start=\"948\" data-end=\"1000\" data-is-last-node=\"\">Compatibilitate ridicat\u0103 cu sculele electrice Bautec<\/p>\n<\/li>\n<\/ul>\n<\/div>\n<\/div>\n<\/div>\n<\/div>\n<div class=\"z-0 flex min-h-[46px] justify-start\"><\/div>\n<div class=\"mt-3 w-full empty:hidden\">\n<div class=\"text-center\"><\/div>\n<\/div>\n<\/div>\n<\/div>\n<\/article>\n<\/div>\n<div class=\"pointer-events-none h-px w-px absolute bottom-0\" aria-hidden=\"true\" data-edge=\"true\"><\/div>\n<p><\/p>","protected":false},"excerpt":{"rendered":"<div class=\"flex flex-col text-sm pb-25\">\n<article class=\"text-token-text-primary w-full focus:outline-none [--shadow-height:45px] has-data-writing-block:pointer-events-none has-data-writing-block:-mt-(--shadow-height) has-data-writing-block:pt-(--shadow-height) [&amp;:has([data-writing-block])&gt;*]:pointer-events-auto scroll-mt-[calc(var(--header-height)+min(200px,max(70px,20svh)))]\" dir=\"auto\" tabindex=\"-1\" data-turn-id=\"request-WEB:64f352dd-2fd7-438f-91e6-0d0e0a1ab03a-17\" data-testid=\"conversation-turn-36\" data-scroll-anchor=\"true\" data-turn=\"assistant\">\n<div class=\"text-base my-auto mx-auto pb-10 [--thread-content-margin:--spacing(4)] @w-sm\/main:[--thread-content-margin:--spacing(6)] @w-lg\/main:[--thread-content-margin:--spacing(16)] px-(--thread-content-margin)\">\n<div class=\"[--thread-content-max-width:40rem] @w-lg\/main:[--thread-content-max-width:48rem] mx-auto max-w-(--thread-content-max-width) flex-1 group\/turn-messages focus-visible:outline-hidden relative flex w-full min-w-0 flex-col agent-turn\" tabindex=\"-1\">\n<div class=\"flex max-w-full flex-col grow\">\n<div class=\"min-h-8 text-message relative flex w-full flex-col items-end gap-2 text-start break-words whitespace-normal [.text-message+&amp;]:mt-1\" dir=\"auto\" data-message-author-role=\"assistant\" data-message-id=\"49d09a04-89df-43e3-8224-b50d46276c9e\" data-message-model-slug=\"gpt-5-2\">\n<div class=\"flex w-full flex-col gap-1 empty:hidden first:pt-[1px]\">\n<div class=\"markdown prose dark:prose-invert w-full wrap-break-word dark markdown-new-styling\">\n<p data-start=\"0\" data-end=\"230\" data-is-last-node=\"\" data-is-only-node=\"\"><strong>Bautec 21 V 4,0 Ah<\/strong> este un acumulator litiu-ion de capacitate mare, conceput pentru alimentarea sculelor electrice pe acumulator Bautec, inclusiv chei de impact, ma\u0219ini de g\u0103urit \u0219i alte dispozitive din seria 21 V.<\/p>\n<\/div>\n<\/div>\n<\/div>\n<\/div>\n<div class=\"z-0 flex min-h-[46px] justify-start\"><\/div>\n<div class=\"mt-3 w-full empty:hidden\">\n<div class=\"text-center\"><\/div>\n<\/div>\n<\/div>\n<\/div>\n<\/article>\n<\/div>\n<div class=\"pointer-events-none h-px w-px absolute bottom-0\" aria-hidden=\"true\" data-edge=\"true\"><\/div>\n","protected":false},"featured_media":4413,"template":"","meta":{"_gspb_post_css":"","_themeisle_gutenberg_block_has_review":false},"product_brand":[],"product_cat":[55],"product_tag":[],"class_list":{"0":"post-3644","1":"product","2":"type-product","3":"status-publish","4":"has-post-thumbnail","6":"product_cat-akumuljatory","8":"first","9":"instock","10":"shipping-taxable","11":"purchasable","12":"product-type-simple"},"yoast_head":"<!-- This site is optimized with the Yoast SEO plugin v27.4 - https:\/\/yoast.com\/product\/yoast-seo-wordpress\/ -->\n<title>Acumulator Bautec 21V 4.0Ah Li-Ion - Bautec.Store<\/title>\n<meta name=\"robots\" content=\"index, follow, max-snippet:-1, max-image-preview:large, max-video-preview:-1\" \/>\n<link rel=\"canonical\" href=\"https:\/\/bautec.store\/product\/bautec-21-v-40\/\" \/>\n<meta property=\"og:locale\" content=\"ro_RO\" \/>\n<meta property=\"og:type\" content=\"article\" \/>\n<meta property=\"og:title\" content=\"[:ru]\u0410\u043a\u0443\u043c\u0443\u043b\u044f\u0442\u043e\u0440 Bautec 21 \u0412 4,0 \u0410\u00b7\u0447 (Li-ion)[:ro]Acumulator Bautec 21V 4.0Ah Li-Ion[:en]Bautec 21 V 4.0 Ah Battery (Li-ion)[:] - Bautec.Store\" \/>\n<meta property=\"og:description\" content=\"[:ru]Bautec 21 \u0412 4,0 \u0410\u00b7\u0447 \u2014 \u043b\u0438\u0442\u0438\u0439-\u0438\u043e\u043d\u043d\u044b\u0439 \u0430\u043a\u043a\u0443\u043c\u0443\u043b\u044f\u0442\u043e\u0440 \u0432\u044b\u0441\u043e\u043a\u043e\u0439 \u0451\u043c\u043a\u043e\u0441\u0442\u0438, \u043f\u0440\u0435\u0434\u043d\u0430\u0437\u043d\u0430\u0447\u0435\u043d\u043d\u044b\u0439 \u0434\u043b\u044f \u043f\u0438\u0442\u0430\u043d\u0438\u044f \u0430\u043a\u043a\u0443\u043c\u0443\u043b\u044f\u0442\u043e\u0440\u043d\u044b\u0445 \u044d\u043b\u0435\u043a\u0442\u0440\u043e\u0438\u043d\u0441\u0442\u0440\u0443\u043c\u0435\u043d\u0442\u043e\u0432 Bautec, \u0432\u043a\u043b\u044e\u0447\u0430\u044f \u0443\u0434\u0430\u0440\u043d\u044b\u0435 \u0433\u0430\u0439\u043a\u043e\u0432\u0451\u0440\u0442\u044b, \u0434\u0440\u0435\u043b\u0438 \u0438 \u0434\u0440\u0443\u0433\u0438\u0435 \u0443\u0441\u0442\u0440\u043e\u0439\u0441\u0442\u0432\u0430 \u0441\u0435\u0440\u0438\u0438 21 \u0412.[:ro]       Bautec 21 V 4,0 Ah este un acumulator litiu-ion de capacitate mare, conceput pentru alimentarea sculelor electrice pe acumulator Bautec, inclusiv chei de impact, ma\u0219ini de g\u0103urit \u0219i alte dispozitive din seria 21 V.             [:en]       Bautec 21 V 4.0 Ah is a high-capacity lithium-ion battery designed to power Bautec cordless tools, including impact wrenches, drills, and other devices from the 21 V series.             [:]\" \/>\n<meta property=\"og:url\" content=\"https:\/\/bautec.store\/product\/bautec-21-v-40\/\" \/>\n<meta property=\"og:site_name\" content=\"Bautec.Store\" \/>\n<meta property=\"article:publisher\" content=\"https:\/\/www.facebook.com\/copiii.curiosi\" \/>\n<meta property=\"article:modified_time\" content=\"2026-02-07T09:23:32+00:00\" \/>\n<meta property=\"og:image\" content=\"https:\/\/bautec.store\/wp-content\/uploads\/2025\/10\/4ah-scaled.jpg\" \/>\n\t<meta property=\"og:image:width\" content=\"2560\" \/>\n\t<meta property=\"og:image:height\" content=\"1561\" \/>\n\t<meta property=\"og:image:type\" content=\"image\/jpeg\" \/>\n<meta name=\"twitter:card\" content=\"summary_large_image\" \/>\n<meta name=\"twitter:label1\" content=\"Timp estimat pentru citire\" \/>\n\t<meta name=\"twitter:data1\" content=\"1 minut\" \/>\n<script type=\"application\/ld+json\" class=\"yoast-schema-graph\">{\"@context\":\"https:\\\/\\\/schema.org\",\"@graph\":[{\"@type\":\"WebPage\",\"@id\":\"https:\\\/\\\/bautec.store\\\/product\\\/bautec-21-v-40\\\/\",\"url\":\"https:\\\/\\\/bautec.store\\\/product\\\/bautec-21-v-40\\\/\",\"name\":\"[:ru]\u0410\u043a\u0443\u043c\u0443\u043b\u044f\u0442\u043e\u0440 Bautec 21 \u0412 4,0 \u0410\u00b7\u0447 (Li-ion)[:ro]Acumulator Bautec 21V 4.0Ah Li-Ion[:en]Bautec 21 V 4.0 Ah Battery (Li-ion)[:] - Bautec.Store\",\"isPartOf\":{\"@id\":\"https:\\\/\\\/copiiicuriosi.md\\\/#website\"},\"primaryImageOfPage\":{\"@id\":\"https:\\\/\\\/bautec.store\\\/product\\\/bautec-21-v-40\\\/#primaryimage\"},\"image\":{\"@id\":\"https:\\\/\\\/bautec.store\\\/product\\\/bautec-21-v-40\\\/#primaryimage\"},\"thumbnailUrl\":\"https:\\\/\\\/bautec.store\\\/wp-content\\\/uploads\\\/2025\\\/10\\\/4ah-scaled.jpg\",\"datePublished\":\"2026-02-05T08:02:57+00:00\",\"dateModified\":\"2026-02-07T09:23:32+00:00\",\"breadcrumb\":{\"@id\":\"https:\\\/\\\/bautec.store\\\/product\\\/bautec-21-v-40\\\/#breadcrumb\"},\"inLanguage\":\"ro-RO\",\"potentialAction\":[{\"@type\":\"ReadAction\",\"target\":[\"https:\\\/\\\/bautec.store\\\/product\\\/bautec-21-v-40\\\/\"]}]},{\"@type\":\"ImageObject\",\"inLanguage\":\"ro-RO\",\"@id\":\"https:\\\/\\\/bautec.store\\\/product\\\/bautec-21-v-40\\\/#primaryimage\",\"url\":\"https:\\\/\\\/bautec.store\\\/wp-content\\\/uploads\\\/2025\\\/10\\\/4ah-scaled.jpg\",\"contentUrl\":\"https:\\\/\\\/bautec.store\\\/wp-content\\\/uploads\\\/2025\\\/10\\\/4ah-scaled.jpg\",\"width\":2560,\"height\":1561},{\"@type\":\"BreadcrumbList\",\"@id\":\"https:\\\/\\\/bautec.store\\\/product\\\/bautec-21-v-40\\\/#breadcrumb\",\"itemListElement\":[{\"@type\":\"ListItem\",\"position\":1,\"name\":\"\u0413\u043b\u0430\u0432\u043d\u0430\u044f \u0441\u0442\u0440\u0430\u043d\u0438\u0446\u0430\",\"item\":\"https:\\\/\\\/bautec.store\\\/\"},{\"@type\":\"ListItem\",\"position\":2,\"name\":\"\u041a\u0430\u0442\u0430\u043b\u043e\u0433 \u0442\u043e\u0432\u0430\u0440\u043e\u0432\",\"item\":\"https:\\\/\\\/bautec.store\\\/catalog\\\/\"},{\"@type\":\"ListItem\",\"position\":3,\"name\":\"\u0410\u043a\u0443\u043c\u0443\u043b\u044f\u0442\u043e\u0440 Bautec 21 \u0412 4,0 \u0410\u00b7\u0447 (Li-ion)\"}]},{\"@type\":\"WebSite\",\"@id\":\"https:\\\/\\\/copiiicuriosi.md\\\/#website\",\"url\":\"https:\\\/\\\/copiiicuriosi.md\\\/\",\"name\":\"Bautec.Store\",\"description\":\"[:ru]\u0418\u043d\u0441\u0442\u0440\u0443\u043c\u0435\u043d\u0442\u044b \u043a\u043e\u0442\u043e\u0440\u044b\u043c \u0434\u043e\u0432\u0435\u0440\u044f\u044e\u0442 \u043f\u0440\u043e\u0444\u0435\u0441\u0441\u0438\u043e\u043d\u0430\u043b\u044b[:ro]Instrumente de \u00eencredere pentru profesioni\u0219ti[:en]Instruments trusted by professionals[:]\",\"publisher\":{\"@id\":\"https:\\\/\\\/copiiicuriosi.md\\\/#organization\"},\"potentialAction\":[{\"@type\":\"SearchAction\",\"target\":{\"@type\":\"EntryPoint\",\"urlTemplate\":\"https:\\\/\\\/copiiicuriosi.md\\\/?s={search_term_string}\"},\"query-input\":{\"@type\":\"PropertyValueSpecification\",\"valueRequired\":true,\"valueName\":\"search_term_string\"}}],\"inLanguage\":\"ro-RO\"},{\"@type\":\"Organization\",\"@id\":\"https:\\\/\\\/copiiicuriosi.md\\\/#organization\",\"name\":\"Bautec.Store\",\"url\":\"https:\\\/\\\/copiiicuriosi.md\\\/\",\"logo\":{\"@type\":\"ImageObject\",\"inLanguage\":\"ro-RO\",\"@id\":\"https:\\\/\\\/copiiicuriosi.md\\\/#\\\/schema\\\/logo\\\/image\\\/\",\"url\":\"https:\\\/\\\/bautec.store\\\/wp-content\\\/uploads\\\/2025\\\/10\\\/logo-1.png\",\"contentUrl\":\"https:\\\/\\\/bautec.store\\\/wp-content\\\/uploads\\\/2025\\\/10\\\/logo-1.png\",\"width\":1280,\"height\":187,\"caption\":\"Bautec.Store\"},\"image\":{\"@id\":\"https:\\\/\\\/copiiicuriosi.md\\\/#\\\/schema\\\/logo\\\/image\\\/\"},\"sameAs\":[\"https:\\\/\\\/www.facebook.com\\\/copiii.curiosi\",\"https:\\\/\\\/www.youtube.com\\\/@CentruEducationalCopiiiCuriosi\",\"https:\\\/\\\/www.instagram.com\\\/copiii.curiosi\"]}]}<\/script>\n<!-- \/ Yoast SEO plugin. -->","yoast_head_json":{"title":"[:ru]\u0410\u043a\u0443\u043c\u0443\u043b\u044f\u0442\u043e\u0440 Bautec 21 \u0412 4,0 \u0410\u00b7\u0447 (Li-ion)[:ro]Acumulator Bautec 21V 4.0Ah Li-Ion[:en]Bautec 21 V 4.0 Ah Battery (Li-ion)[:] - Bautec.Store","robots":{"index":"index","follow":"follow","max-snippet":"max-snippet:-1","max-image-preview":"max-image-preview:large","max-video-preview":"max-video-preview:-1"},"canonical":"https:\/\/bautec.store\/product\/bautec-21-v-40\/","og_locale":"ro_RO","og_type":"article","og_title":"[:ru]\u0410\u043a\u0443\u043c\u0443\u043b\u044f\u0442\u043e\u0440 Bautec 21 \u0412 4,0 \u0410\u00b7\u0447 (Li-ion)[:ro]Acumulator Bautec 21V 4.0Ah Li-Ion[:en]Bautec 21 V 4.0 Ah Battery (Li-ion)[:] - Bautec.Store","og_description":"[:ru]Bautec 21 \u0412 4,0 \u0410\u00b7\u0447 \u2014 \u043b\u0438\u0442\u0438\u0439-\u0438\u043e\u043d\u043d\u044b\u0439 \u0430\u043a\u043a\u0443\u043c\u0443\u043b\u044f\u0442\u043e\u0440 \u0432\u044b\u0441\u043e\u043a\u043e\u0439 \u0451\u043c\u043a\u043e\u0441\u0442\u0438, \u043f\u0440\u0435\u0434\u043d\u0430\u0437\u043d\u0430\u0447\u0435\u043d\u043d\u044b\u0439 \u0434\u043b\u044f \u043f\u0438\u0442\u0430\u043d\u0438\u044f \u0430\u043a\u043a\u0443\u043c\u0443\u043b\u044f\u0442\u043e\u0440\u043d\u044b\u0445 \u044d\u043b\u0435\u043a\u0442\u0440\u043e\u0438\u043d\u0441\u0442\u0440\u0443\u043c\u0435\u043d\u0442\u043e\u0432 Bautec, \u0432\u043a\u043b\u044e\u0447\u0430\u044f \u0443\u0434\u0430\u0440\u043d\u044b\u0435 \u0433\u0430\u0439\u043a\u043e\u0432\u0451\u0440\u0442\u044b, \u0434\u0440\u0435\u043b\u0438 \u0438 \u0434\u0440\u0443\u0433\u0438\u0435 \u0443\u0441\u0442\u0440\u043e\u0439\u0441\u0442\u0432\u0430 \u0441\u0435\u0440\u0438\u0438 21 \u0412.[:ro]       Bautec 21 V 4,0 Ah este un acumulator litiu-ion de capacitate mare, conceput pentru alimentarea sculelor electrice pe acumulator Bautec, inclusiv chei de impact, ma\u0219ini de g\u0103urit \u0219i alte dispozitive din seria 21 V.             [:en]       Bautec 21 V 4.0 Ah is a high-capacity lithium-ion battery designed to power Bautec cordless tools, including impact wrenches, drills, and other devices from the 21 V series.             [:]","og_url":"https:\/\/bautec.store\/product\/bautec-21-v-40\/","og_site_name":"Bautec.Store","article_publisher":"https:\/\/www.facebook.com\/copiii.curiosi","article_modified_time":"2026-02-07T09:23:32+00:00","og_image":[{"width":2560,"height":1561,"url":"https:\/\/bautec.store\/wp-content\/uploads\/2025\/10\/4ah-scaled.jpg","type":"image\/jpeg"}],"twitter_card":"summary_large_image","twitter_misc":{"Timp estimat pentru citire":"1 minut"},"schema":{"@context":"https:\/\/schema.org","@graph":[{"@type":"WebPage","@id":"https:\/\/bautec.store\/product\/bautec-21-v-40\/","url":"https:\/\/bautec.store\/product\/bautec-21-v-40\/","name":"[:ru]\u0410\u043a\u0443\u043c\u0443\u043b\u044f\u0442\u043e\u0440 Bautec 21 \u0412 4,0 \u0410\u00b7\u0447 (Li-ion)[:ro]Acumulator Bautec 21V 4.0Ah Li-Ion[:en]Bautec 21 V 4.0 Ah Battery (Li-ion)[:] - Bautec.Store","isPartOf":{"@id":"https:\/\/copiiicuriosi.md\/#website"},"primaryImageOfPage":{"@id":"https:\/\/bautec.store\/product\/bautec-21-v-40\/#primaryimage"},"image":{"@id":"https:\/\/bautec.store\/product\/bautec-21-v-40\/#primaryimage"},"thumbnailUrl":"https:\/\/bautec.store\/wp-content\/uploads\/2025\/10\/4ah-scaled.jpg","datePublished":"2026-02-05T08:02:57+00:00","dateModified":"2026-02-07T09:23:32+00:00","breadcrumb":{"@id":"https:\/\/bautec.store\/product\/bautec-21-v-40\/#breadcrumb"},"inLanguage":"ro-RO","potentialAction":[{"@type":"ReadAction","target":["https:\/\/bautec.store\/product\/bautec-21-v-40\/"]}]},{"@type":"ImageObject","inLanguage":"ro-RO","@id":"https:\/\/bautec.store\/product\/bautec-21-v-40\/#primaryimage","url":"https:\/\/bautec.store\/wp-content\/uploads\/2025\/10\/4ah-scaled.jpg","contentUrl":"https:\/\/bautec.store\/wp-content\/uploads\/2025\/10\/4ah-scaled.jpg","width":2560,"height":1561},{"@type":"BreadcrumbList","@id":"https:\/\/bautec.store\/product\/bautec-21-v-40\/#breadcrumb","itemListElement":[{"@type":"ListItem","position":1,"name":"\u0413\u043b\u0430\u0432\u043d\u0430\u044f \u0441\u0442\u0440\u0430\u043d\u0438\u0446\u0430","item":"https:\/\/bautec.store\/"},{"@type":"ListItem","position":2,"name":"\u041a\u0430\u0442\u0430\u043b\u043e\u0433 \u0442\u043e\u0432\u0430\u0440\u043e\u0432","item":"https:\/\/bautec.store\/catalog\/"},{"@type":"ListItem","position":3,"name":"\u0410\u043a\u0443\u043c\u0443\u043b\u044f\u0442\u043e\u0440 Bautec 21 \u0412 4,0 \u0410\u00b7\u0447 (Li-ion)"}]},{"@type":"WebSite","@id":"https:\/\/copiiicuriosi.md\/#website","url":"https:\/\/copiiicuriosi.md\/","name":"Bautec.Store","description":"[:ru]\u0418\u043d\u0441\u0442\u0440\u0443\u043c\u0435\u043d\u0442\u044b \u043a\u043e\u0442\u043e\u0440\u044b\u043c \u0434\u043e\u0432\u0435\u0440\u044f\u044e\u0442 \u043f\u0440\u043e\u0444\u0435\u0441\u0441\u0438\u043e\u043d\u0430\u043b\u044b[:ro]Instrumente de \u00eencredere pentru profesioni\u0219ti[:en]Instruments trusted by professionals[:]","publisher":{"@id":"https:\/\/copiiicuriosi.md\/#organization"},"potentialAction":[{"@type":"SearchAction","target":{"@type":"EntryPoint","urlTemplate":"https:\/\/copiiicuriosi.md\/?s={search_term_string}"},"query-input":{"@type":"PropertyValueSpecification","valueRequired":true,"valueName":"search_term_string"}}],"inLanguage":"ro-RO"},{"@type":"Organization","@id":"https:\/\/copiiicuriosi.md\/#organization","name":"Bautec.Store","url":"https:\/\/copiiicuriosi.md\/","logo":{"@type":"ImageObject","inLanguage":"ro-RO","@id":"https:\/\/copiiicuriosi.md\/#\/schema\/logo\/image\/","url":"https:\/\/bautec.store\/wp-content\/uploads\/2025\/10\/logo-1.png","contentUrl":"https:\/\/bautec.store\/wp-content\/uploads\/2025\/10\/logo-1.png","width":1280,"height":187,"caption":"Bautec.Store"},"image":{"@id":"https:\/\/copiiicuriosi.md\/#\/schema\/logo\/image\/"},"sameAs":["https:\/\/www.facebook.com\/copiii.curiosi","https:\/\/www.youtube.com\/@CentruEducationalCopiiiCuriosi","https:\/\/www.instagram.com\/copiii.curiosi"]}]}},"_links":{"self":[{"href":"https:\/\/bautec.store\/ro\/wp-json\/wp\/v2\/product\/3644","targetHints":{"allow":["GET"]}}],"collection":[{"href":"https:\/\/bautec.store\/ro\/wp-json\/wp\/v2\/product"}],"about":[{"href":"https:\/\/bautec.store\/ro\/wp-json\/wp\/v2\/types\/product"}],"wp:featuredmedia":[{"embeddable":true,"href":"https:\/\/bautec.store\/ro\/wp-json\/wp\/v2\/media\/4413"}],"wp:attachment":[{"href":"https:\/\/bautec.store\/ro\/wp-json\/wp\/v2\/media?parent=3644"}],"wp:term":[{"taxonomy":"product_brand","embeddable":true,"href":"https:\/\/bautec.store\/ro\/wp-json\/wp\/v2\/product_brand?post=3644"},{"taxonomy":"product_cat","embeddable":true,"href":"https:\/\/bautec.store\/ro\/wp-json\/wp\/v2\/product_cat?post=3644"},{"taxonomy":"product_tag","embeddable":true,"href":"https:\/\/bautec.store\/ro\/wp-json\/wp\/v2\/product_tag?post=3644"}],"curies":[{"name":"wp","href":"https:\/\/api.w.org\/{rel}","templated":true}]}}